{"id":1876,"date":"2025-10-16T09:09:45","date_gmt":"2025-10-16T14:09:45","guid":{"rendered":"https:\/\/upwards.pe\/?page_id=1876"},"modified":"2025-10-16T12:52:08","modified_gmt":"2025-10-16T17:52:08","slug":"terminos-y-condiciones","status":"publish","type":"page","link":"https:\/\/upwards.pe\/en\/terminos-y-condiciones\/","title":{"rendered":"Terms and Conditions"},"content":{"rendered":"<div data-elementor-type=\"wp-page\" data-elementor-id=\"1876\" class=\"elementor elementor-1876\" data-elementor-post-type=\"page\">\n\t\t\t\t<div class=\"elementor-element elementor-element-b6cf869 e-con-full e-flex e-con e-parent\" data-id=\"b6cf869\" data-element_type=\"container\" data-e-type=\"container\">\n\t\t<div class=\"elementor-element elementor-element-25ab126 e-flex e-con-boxed e-con e-child\" data-id=\"25ab126\" data-element_type=\"container\" data-e-type=\"container\" data-settings=\"{&quot;background_background&quot;:&quot;classic&quot;}\">\n\t\t\t\t\t<div class=\"e-con-inner\">\n\t\t\t\t<div class=\"elementor-element elementor-element-a1f5b74 elementor-widget elementor-widget-heading\" data-id=\"a1f5b74\" data-element_type=\"widget\" data-e-type=\"widget\" data-widget_type=\"heading.default\">\n\t\t\t\t\t<h2 class=\"elementor-heading-title elementor-size-default\">Terms and Conditions<\/h2>\t\t\t\t<\/div>\n\t\t\t\t<div class=\"elementor-element elementor-element-6fd7523 elementor-widget elementor-widget-heading\" data-id=\"6fd7523\" data-element_type=\"widget\" data-e-type=\"widget\" data-widget_type=\"heading.default\">\n\t\t\t\t\t<h2 class=\"elementor-heading-title elementor-size-default\">1. Acceptance of the terms and conditions.<\/h2>\t\t\t\t<\/div>\n\t\t\t\t<div class=\"elementor-element elementor-element-27468d1 elementor-widget elementor-widget-heading\" data-id=\"27468d1\" data-element_type=\"widget\" data-e-type=\"widget\" data-widget_type=\"heading.default\">\n\t\t\t\t\t<h2 class=\"elementor-heading-title elementor-size-default\">By accessing and using this website www.upwardsstudio.net provided by Upwards Per\u00fa S.A.C. (\u201cUpwards\u201d), you agree to comply with these terms and conditions of use. If you do not agree with these terms, we recommend that you do not use the site.<\/h2>\t\t\t\t<\/div>\n\t\t\t\t<div class=\"elementor-element elementor-element-c8801d1 elementor-widget elementor-widget-heading\" data-id=\"c8801d1\" data-element_type=\"widget\" data-e-type=\"widget\" data-widget_type=\"heading.default\">\n\t\t\t\t\t<h2 class=\"elementor-heading-title elementor-size-default\">2. Use of the site<\/h2>\t\t\t\t<\/div>\n\t\t\t\t<div class=\"elementor-element elementor-element-30b7609 elementor-widget elementor-widget-heading\" data-id=\"30b7609\" data-element_type=\"widget\" data-e-type=\"widget\" data-widget_type=\"heading.default\">\n\t\t\t\t\t<h2 class=\"elementor-heading-title elementor-size-default\">2.1. The use of this site is intended only for users who are at least 18 years old.<\/h2>\t\t\t\t<\/div>\n\t\t\t\t<div class=\"elementor-element elementor-element-40d5a2e elementor-widget elementor-widget-heading\" data-id=\"40d5a2e\" data-element_type=\"widget\" data-e-type=\"widget\" data-widget_type=\"heading.default\">\n\t\t\t\t\t<h2 class=\"elementor-heading-title elementor-size-default\">2.2. You agree to use the site in an ethical and lawful manner, without infringing on the rights of third parties or engaging in illegal activities.<\/h2>\t\t\t\t<\/div>\n\t\t\t\t<div class=\"elementor-element elementor-element-767000f elementor-widget elementor-widget-heading\" data-id=\"767000f\" data-element_type=\"widget\" data-e-type=\"widget\" data-widget_type=\"heading.default\">\n\t\t\t\t\t<h2 class=\"elementor-heading-title elementor-size-default\">3. Intellectual property<\/h2>\t\t\t\t<\/div>\n\t\t\t\t<div class=\"elementor-element elementor-element-61a58b5 elementor-widget elementor-widget-heading\" data-id=\"61a58b5\" data-element_type=\"widget\" data-e-type=\"widget\" data-widget_type=\"heading.default\">\n\t\t\t\t\t<h2 class=\"elementor-heading-title elementor-size-default\">3.1. All content, design, graphics, and logos on the site are protected by copyright and other intellectual property rights.<\/h2>\t\t\t\t<\/div>\n\t\t\t\t<div class=\"elementor-element elementor-element-85bb804 elementor-widget elementor-widget-heading\" data-id=\"85bb804\" data-element_type=\"widget\" data-e-type=\"widget\" data-widget_type=\"heading.default\">\n\t\t\t\t\t<h2 class=\"elementor-heading-title elementor-size-default\">3.2. The reproduction, distribution, or modification of the site\u2019s content is not permitted without the company\u2019s prior written consent.<\/h2>\t\t\t\t<\/div>\n\t\t\t\t<div class=\"elementor-element elementor-element-14e3ab6 elementor-widget elementor-widget-heading\" data-id=\"14e3ab6\" data-element_type=\"widget\" data-e-type=\"widget\" data-widget_type=\"heading.default\">\n\t\t\t\t\t<h2 class=\"elementor-heading-title elementor-size-default\">4. User information<\/h2>\t\t\t\t<\/div>\n\t\t\t\t<div class=\"elementor-element elementor-element-d967fdb elementor-widget elementor-widget-heading\" data-id=\"d967fdb\" data-element_type=\"widget\" data-e-type=\"widget\" data-widget_type=\"heading.default\">\n\t\t\t\t\t<h2 class=\"elementor-heading-title elementor-size-default\">4.1. By providing personal information on the site, you guarantee that such information is truthful, complete, and up to date.<\/h2>\t\t\t\t<\/div>\n\t\t\t\t<div class=\"elementor-element elementor-element-457adbb elementor-widget elementor-widget-heading\" data-id=\"457adbb\" data-element_type=\"widget\" data-e-type=\"widget\" data-widget_type=\"heading.default\">\n\t\t\t\t\t<h2 class=\"elementor-heading-title elementor-size-default\">4.2. We reserve the right to suspend or delete user accounts that provide false or inaccurate information.<\/h2>\t\t\t\t<\/div>\n\t\t\t\t<div class=\"elementor-element elementor-element-3d6c959 elementor-widget elementor-widget-heading\" data-id=\"3d6c959\" data-element_type=\"widget\" data-e-type=\"widget\" data-widget_type=\"heading.default\">\n\t\t\t\t\t<h2 class=\"elementor-heading-title elementor-size-default\">5. Limitation of liability<\/h2>\t\t\t\t<\/div>\n\t\t\t\t<div class=\"elementor-element elementor-element-2a104f2 elementor-widget elementor-widget-heading\" data-id=\"2a104f2\" data-element_type=\"widget\" data-e-type=\"widget\" data-widget_type=\"heading.default\">\n\t\t\t\t\t<h2 class=\"elementor-heading-title elementor-size-default\">5.1. The company is not responsible for any losses or damages that may arise from the use of the site or reliance on its content.<\/h2>\t\t\t\t<\/div>\n\t\t\t\t<div class=\"elementor-element elementor-element-badb3c6 elementor-widget elementor-widget-heading\" data-id=\"badb3c6\" data-element_type=\"widget\" data-e-type=\"widget\" data-widget_type=\"heading.default\">\n\t\t\t\t\t<h2 class=\"elementor-heading-title elementor-size-default\">5.2. We do not guarantee the uninterrupted availability of the site or the absence of errors.<\/h2>\t\t\t\t<\/div>\n\t\t\t\t<div class=\"elementor-element elementor-element-c1892e0 elementor-widget elementor-widget-heading\" data-id=\"c1892e0\" data-element_type=\"widget\" data-e-type=\"widget\" data-widget_type=\"heading.default\">\n\t\t\t\t\t<h2 class=\"elementor-heading-title elementor-size-default\">6. Links to third parties<\/h2>\t\t\t\t<\/div>\n\t\t\t\t<div class=\"elementor-element elementor-element-64b1767 elementor-widget elementor-widget-heading\" data-id=\"64b1767\" data-element_type=\"widget\" data-e-type=\"widget\" data-widget_type=\"heading.default\">\n\t\t\t\t\t<h2 class=\"elementor-heading-title elementor-size-default\">6.1. The site may contain links to third-party websites. We are not responsible for the content or privacy practices of these sites.<\/h2>\t\t\t\t<\/div>\n\t\t\t\t<div class=\"elementor-element elementor-element-4278795 elementor-widget elementor-widget-heading\" data-id=\"4278795\" data-element_type=\"widget\" data-e-type=\"widget\" data-widget_type=\"heading.default\">\n\t\t\t\t\t<h2 class=\"elementor-heading-title elementor-size-default\">7. Modifications to the terms and conditions<\/h2>\t\t\t\t<\/div>\n\t\t\t\t<div class=\"elementor-element elementor-element-44c344c elementor-widget elementor-widget-heading\" data-id=\"44c344c\" data-element_type=\"widget\" data-e-type=\"widget\" data-widget_type=\"heading.default\">\n\t\t\t\t\t<h2 class=\"elementor-heading-title elementor-size-default\">7.1. We reserve the right to modify these terms and conditions at any time. You will be notified of significant updates.<\/h2>\t\t\t\t<\/div>\n\t\t\t\t<div class=\"elementor-element elementor-element-1f12c5c elementor-widget elementor-widget-heading\" data-id=\"1f12c5c\" data-element_type=\"widget\" data-e-type=\"widget\" data-widget_type=\"heading.default\">\n\t\t\t\t\t<h2 class=\"elementor-heading-title elementor-size-default\">8. Applicable law and jurisdiction<\/h2>\t\t\t\t<\/div>\n\t\t\t\t<div class=\"elementor-element elementor-element-f867d36 elementor-widget elementor-widget-heading\" data-id=\"f867d36\" data-element_type=\"widget\" data-e-type=\"widget\" data-widget_type=\"heading.default\">\n\t\t\t\t\t<h2 class=\"elementor-heading-title elementor-size-default\">8.1. These terms and conditions are governed by the laws of our country. Any dispute will be resolved in the courts of Peru.<\/h2>\t\t\t\t<\/div>\n\t\t\t\t<div class=\"elementor-element elementor-element-9349b07 elementor-widget elementor-widget-heading\" data-id=\"9349b07\" data-element_type=\"widget\" data-e-type=\"widget\" data-widget_type=\"heading.default\">\n\t\t\t\t\t<h2 class=\"elementor-heading-title elementor-size-default\">9. Contact<\/h2>\t\t\t\t<\/div>\n\t\t\t\t<div class=\"elementor-element elementor-element-bf9d62a elementor-widget elementor-widget-heading\" data-id=\"bf9d62a\" data-element_type=\"widget\" data-e-type=\"widget\" data-widget_type=\"heading.default\">\n\t\t\t\t\t<h2 class=\"elementor-heading-title elementor-size-default\">9.1. For any questions or comments related to these terms and conditions, please contact us via email at contact@upwards.pe<\/h2>\t\t\t\t<\/div>\n\t\t\t\t\t<\/div>\n\t\t\t\t<\/div>\n\t\t\t\t<\/div>\n\t\t\t\t<\/div>","protected":false},"excerpt":{"rendered":"<p>T\u00e9rminos y condiciones 1. Aceptaci\u00f3n de los T\u00e9rminos y Condiciones. Al acceder y utilizar este sitio web www.upwardsstudio.net proporcionado por Upwards Per\u00fa S.A.C. (\u201cUpwards\u201d), usted acepta cumplir con estos T\u00e9rminos y Condiciones de Uso. Si no est\u00e1 de acuerdo con estos t\u00e9rminos, le recomendamos que no utilice el Sitio. 2. Uso del sitio 2.1. El [&hellip;]<\/p>\n","protected":false},"author":2,"featured_media":0,"parent":0,"menu_order":0,"comment_status":"closed","ping_status":"closed","template":"elementor_canvas","meta":{"footnotes":""},"class_list":["post-1876","page","type-page","status-publish","hentry"],"_links":{"self":[{"href":"https:\/\/upwards.pe\/en\/wp-json\/wp\/v2\/pages\/1876","targetHints":{"allow":["GET"]}}],"collection":[{"href":"https:\/\/upwards.pe\/en\/wp-json\/wp\/v2\/pages"}],"about":[{"href":"https:\/\/upwards.pe\/en\/wp-json\/wp\/v2\/types\/page"}],"author":[{"embeddable":true,"href":"https:\/\/upwards.pe\/en\/wp-json\/wp\/v2\/users\/2"}],"replies":[{"embeddable":true,"href":"https:\/\/upwards.pe\/en\/wp-json\/wp\/v2\/comments?post=1876"}],"version-history":[{"count":25,"href":"https:\/\/upwards.pe\/en\/wp-json\/wp\/v2\/pages\/1876\/revisions"}],"predecessor-version":[{"id":1925,"href":"https:\/\/upwards.pe\/en\/wp-json\/wp\/v2\/pages\/1876\/revisions\/1925"}],"wp:attachment":[{"href":"https:\/\/upwards.pe\/en\/wp-json\/wp\/v2\/media?parent=1876"}],"curies":[{"name":"wp","href":"https:\/\/api.w.org\/{rel}","templated":true}]}}